{"id":79,"date":"2017-09-23T13:23:10","date_gmt":"2017-09-23T13:23:10","guid":{"rendered":"http:\/\/wp.h-s-automation.de\/?page_id=79"},"modified":"2022-07-19T14:33:54","modified_gmt":"2022-07-19T12:33:54","slug":"anfahrt","status":"publish","type":"page","link":"https:\/\/h-s-automation.de\/","title":{"rendered":"\u00dcber uns"},"content":{"rendered":"<h1><strong>Firmenprofil<\/strong><\/h1>\n<p><img decoding=\"async\" loading=\"lazy\" class=\"wp-image-203 size-large alignnone\" src=\"http:\/\/wp.h-s-automation.de\/wp-content\/uploads\/2017\/09\/P1000342-1024x683.jpg\" alt=\"\" width=\"525\" height=\"350\" srcset=\"https:\/\/h-s-automation.de\/wp-content\/uploads\/2017\/09\/P1000342-1024x683.jpg 1024w, https:\/\/h-s-automation.de\/wp-content\/uploads\/2017\/09\/P1000342-300x200.jpg 300w, https:\/\/h-s-automation.de\/wp-content\/uploads\/2017\/09\/P1000342-768x512.jpg 768w, https:\/\/h-s-automation.de\/wp-content\/uploads\/2017\/09\/P1000342-272x182.jpg 272w\" sizes=\"(max-width: 525px) 100vw, 525px\" \/><\/p>\n<p>Das Unternehmen Hocke und Schimmel Automation GmbH wurde im Januar 2011 als Rechtsnachfolger der Automation E. Kaufhold, welches seit 1991 existierte, von den langj\u00e4hrigen Mitarbeitern Steffen Hocke und Holger Schimmel gegr\u00fcndet.<\/p>\n<p>Herr Kaufhold verabschiedete sich in den wohlverdienten Ruhestand.<a href=\"http:\/\/wp.h-s-automation.de\/wp-content\/uploads\/2017\/09\/db_P90900502.jpg\"><img decoding=\"async\" loading=\"lazy\" class=\"size-thumbnail wp-image-204 alignright\" src=\"http:\/\/wp.h-s-automation.de\/wp-content\/uploads\/2017\/09\/db_P90900502-150x150.jpg\" alt=\"\" width=\"150\" height=\"150\" srcset=\"https:\/\/h-s-automation.de\/wp-content\/uploads\/2017\/09\/db_P90900502-150x150.jpg 150w, https:\/\/h-s-automation.de\/wp-content\/uploads\/2017\/09\/db_P90900502-100x100.jpg 100w\" sizes=\"(max-width: 150px) 100vw, 150px\" \/><\/a><\/p>\n<p>Neben dem T\u00e4tigkeitsgebiet und allen Kunden \u00fcbernahmen wir auch die eingerichteten R\u00e4umlichkeiten zur Miete und pflegen noch heute einen engen Kontakt zu Herrn Kaufhold!<\/p>\n<p>Ebenfalls konnten wir einen Gro\u00dfteil der \u201ealten\u201c Kollegen f\u00fcr das Abenteuer \u201eRegelungsanlagen f\u00fcr die Geb\u00e4udeautomation\u201c gewinnen!<\/p>\n<p>Im Laufe der letzten Jahre konnten wir nicht nur unsere Zusammenarbeit mit unseren Hauptkunden auf dem gewohnt guten Niveau weiterf\u00fchren, sondern auch weitere Kunden und Bet\u00e4tigungsfelder dazu gewinnen.<\/p>\n<p>So haben wir durch die \u00dcbernahme der Firma AFOR Sicherheitstechnik unsere Abteilung Gaswarnanlagen vergr\u00f6\u00dfern und eigens daf\u00fcr einen neuen Mitarbeiter einstellen k\u00f6nnen.<\/p>\n<p>Im Jahr 2015 kam die Firma Samson in Person des Niederlassungsleiters des B\u00fcros Erfurt, Herrn Krien, auf uns zu und wir konnten schon so einige Projekte in und um Erfurt gemeinsam bew\u00e4ltigen.<\/p>\n<p>Derzeit besch\u00e4ftigen wir 13 Mitarbeiter, darunter auch 3 Lehrlinge, welche wir auch nach Beendigung ihrer Ausbildung im Unternehmen halten wollen!<\/p>\n<p>Die Geschlossenheit und gegenseitige Unterst\u00fctzung in unserem Team macht es zu einem Besonderen und ist ein Garant f\u00fcr unsere Leistungsf\u00e4higkeit und Flexibilit\u00e4t!\u00a0Alle Kunden k\u00f6nnen sich auf uns und unsere Mitarbeiter verlassen. Wir erf\u00fcllen unsere Aufgaben mit Fachwissen und Qualit\u00e4tsbewusstsein!<\/p>\n<h1><strong>Adresse<\/strong><\/h1>\n<p><strong>Hocke und Schimmel Automation GmbH<\/strong><br \/>\nRingstra\u00dfe 40<br \/>\nD-99428 Grammetal OT Sohnstedt<\/p>\n<p><iframe loading=\"lazy\" src=\"https:\/\/www.google.com\/maps\/embed?pb=!1m18!1m12!1m3!1d2513.128414553184!2d11.1755313157498!3d50.95832997954861!2m3!1f0!2f0!3f0!3m2!1i1024!2i768!4f13.1!3m3!1m2!1s0x47a40e0d4b6829a1%3A0x6e0ba917030d440d!2sHocke+und+Schimmel+Automation+GmbH!5e0!3m2!1sde!2sde!4v1506190719332\" width=\"600\" height=\"450\" frameborder=\"0\" allowfullscreen=\"allowfullscreen\" data-mce-fragment=\"1\"><\/iframe><\/p>\n<h1>\u00a0<strong>Unsere Hauptkunden sind<br \/>\n<\/strong><\/h1>\n<hr \/>\n<p><img decoding=\"async\" loading=\"lazy\" class=\"wp-image-266 size-medium alignright\" src=\"http:\/\/wp.h-s-automation.de\/wp-content\/uploads\/2018\/01\/19321_gaugele-300x83.png\" alt=\"\" width=\"300\" height=\"83\" srcset=\"https:\/\/h-s-automation.de\/wp-content\/uploads\/2018\/01\/19321_gaugele-300x83.png 300w, https:\/\/h-s-automation.de\/wp-content\/uploads\/2018\/01\/19321_gaugele.png 439w\" sizes=\"(max-width: 300px) 100vw, 300px\" \/>Gaugele GmbH Agrar- und Klimatechnik<\/p>\n<hr \/>\n<p><img decoding=\"async\" loading=\"lazy\" class=\"wp-image-267 size-medium alignright\" src=\"http:\/\/wp.h-s-automation.de\/wp-content\/uploads\/2018\/01\/Logo_Honeywell_LC-300x110.jpg\" alt=\"\" width=\"300\" height=\"110\" srcset=\"https:\/\/h-s-automation.de\/wp-content\/uploads\/2018\/01\/Logo_Honeywell_LC-300x110.jpg 300w, https:\/\/h-s-automation.de\/wp-content\/uploads\/2018\/01\/Logo_Honeywell_LC.jpg 405w\" sizes=\"(max-width: 300px) 100vw, 300px\" \/>Honeywell Building Solutions GmbH Offenbach<\/p>\n<hr \/>\n<p><img decoding=\"async\" loading=\"lazy\" class=\"wp-image-264 size-medium alignright\" src=\"http:\/\/wp.h-s-automation.de\/wp-content\/uploads\/2018\/01\/pi_04_16-250x300.png\" alt=\"\" width=\"250\" height=\"300\" srcset=\"https:\/\/h-s-automation.de\/wp-content\/uploads\/2018\/01\/pi_04_16-250x300.png 250w, https:\/\/h-s-automation.de\/wp-content\/uploads\/2018\/01\/pi_04_16.png 335w\" sizes=\"(max-width: 250px) 100vw, 250px\" \/><\/p>\n<p>Seit 2014 sind wir ebenfalls ein zuverl\u00e4ssiger Partner f\u00fcr die Samson AG.<\/p>\n","protected":false},"excerpt":{"rendered":"<p>Firmenprofil Das Unternehmen Hocke und Schimmel Automation GmbH wurde im Januar 2011 als Rechtsnachfolger der Automation E. Kaufhold, welches seit 1991 existierte, von den langj\u00e4hrigen Mitarbeitern Steffen Hocke und Holger Schimmel gegr\u00fcndet. Herr Kaufhold verabschiedete sich in den wohlverdienten Ruhestand. Neben dem T\u00e4tigkeitsgebiet und allen Kunden \u00fcbernahmen wir auch die eingerichteten R\u00e4umlichkeiten zur Miete und &hellip; <\/p>\n<p class=\"link-more\"><a href=\"https:\/\/h-s-automation.de\/\" class=\"more-link\"><span class=\"screen-reader-text\">\u201e\u00dcber uns\u201c<\/span> weiterlesen<\/a><\/p>\n","protected":false},"author":1,"featured_media":0,"parent":0,"menu_order":0,"comment_status":"closed","ping_status":"closed","template":"","meta":[],"_links":{"self":[{"href":"https:\/\/h-s-automation.de\/index.php?rest_route=\/wp\/v2\/pages\/79"}],"collection":[{"href":"https:\/\/h-s-automation.de\/index.php?rest_route=\/wp\/v2\/pages"}],"about":[{"href":"https:\/\/h-s-automation.de\/index.php?rest_route=\/wp\/v2\/types\/page"}],"author":[{"embeddable":true,"href":"https:\/\/h-s-automation.de\/index.php?rest_route=\/wp\/v2\/users\/1"}],"replies":[{"embeddable":true,"href":"https:\/\/h-s-automation.de\/index.php?rest_route=%2Fwp%2Fv2%2Fcomments&post=79"}],"version-history":[{"count":29,"href":"https:\/\/h-s-automation.de\/index.php?rest_route=\/wp\/v2\/pages\/79\/revisions"}],"predecessor-version":[{"id":402,"href":"https:\/\/h-s-automation.de\/index.php?rest_route=\/wp\/v2\/pages\/79\/revisions\/402"}],"wp:attachment":[{"href":"https:\/\/h-s-automation.de\/index.php?rest_route=%2Fwp%2Fv2%2Fmedia&parent=79"}],"curies":[{"name":"wp","href":"https:\/\/api.w.org\/{rel}","templated":true}]}}