{"id":18,"date":"2017-09-23T13:08:44","date_gmt":"2017-09-23T13:08:44","guid":{"rendered":"http:\/\/wp.h-s-automation.de\/?page_id=18"},"modified":"2019-07-15T10:27:54","modified_gmt":"2019-07-15T08:27:54","slug":"planung-und-entwicklung","status":"publish","type":"page","link":"https:\/\/h-s-automation.de\/?page_id=18","title":{"rendered":"Planung und Entwicklung"},"content":{"rendered":"<p><img decoding=\"async\" loading=\"lazy\" class=\"alignnone wp-image-163 size-medium\" src=\"https:\/\/h-s-automation.de\/wp-content\/uploads\/2017\/09\/planung-300x213.jpg\" alt=\"\" width=\"300\" height=\"213\" srcset=\"https:\/\/h-s-automation.de\/wp-content\/uploads\/2017\/09\/planung-300x213.jpg 300w, https:\/\/h-s-automation.de\/wp-content\/uploads\/2017\/09\/planung.jpg 380w\" sizes=\"(max-width: 300px) 100vw, 300px\" \/>\u00a0 <img decoding=\"async\" loading=\"lazy\" class=\"alignnone wp-image-166 size-thumbnail\" src=\"https:\/\/h-s-automation.de\/wp-content\/uploads\/2017\/09\/EC_eplan_logo_NP_14062013_rdax_80-150x150.jpg\" alt=\"\" width=\"150\" height=\"150\" srcset=\"https:\/\/h-s-automation.de\/wp-content\/uploads\/2017\/09\/EC_eplan_logo_NP_14062013_rdax_80-150x150.jpg 150w, https:\/\/h-s-automation.de\/wp-content\/uploads\/2017\/09\/EC_eplan_logo_NP_14062013_rdax_80-100x100.jpg 100w, https:\/\/h-s-automation.de\/wp-content\/uploads\/2017\/09\/EC_eplan_logo_NP_14062013_rdax_80.jpg 200w\" sizes=\"(max-width: 150px) 100vw, 150px\" \/><\/p>\n<p>Da wir als Unternehmen qualitativ hochwertige Schaltanlagen ausliefern, liegt es in unserem eigenen Interesse die W\u00fcnsche mit unseren Kunden gemeinsam zu entwickeln und zu durchdenken.<\/p>\n<p>Dabei blicken wir auf viele Jahre Erfahrung zur\u00fcck und nutzen das immer h\u00e4ufiger von Kunden gew\u00fcnschte E-Plan Dokumentationssystem um unsere Schaltanlagen nachvollziehbar zu gestalten. Dabei liegt unser Hauptaugenmerk auf dem besten Preis-\/Leistungsangebot.<\/p>\n<p><img decoding=\"async\" loading=\"lazy\" class=\"alignnone wp-image-391\" src=\"https:\/\/h-s-automation.de\/wp-content\/uploads\/2019\/07\/P_20190715_1018101-300x225.jpg\" alt=\"\" width=\"250\" height=\"188\" srcset=\"https:\/\/h-s-automation.de\/wp-content\/uploads\/2019\/07\/P_20190715_1018101-300x225.jpg 300w, https:\/\/h-s-automation.de\/wp-content\/uploads\/2019\/07\/P_20190715_1018101-768x576.jpg 768w, https:\/\/h-s-automation.de\/wp-content\/uploads\/2019\/07\/P_20190715_1018101-1024x768.jpg 1024w\" sizes=\"(max-width: 250px) 100vw, 250px\" \/> <img decoding=\"async\" loading=\"lazy\" class=\"alignnone wp-image-390\" src=\"https:\/\/h-s-automation.de\/wp-content\/uploads\/2019\/07\/P_20190715_1018421-300x225.jpg\" alt=\"\" width=\"250\" height=\"188\" srcset=\"https:\/\/h-s-automation.de\/wp-content\/uploads\/2019\/07\/P_20190715_1018421-300x225.jpg 300w, https:\/\/h-s-automation.de\/wp-content\/uploads\/2019\/07\/P_20190715_1018421-768x576.jpg 768w, https:\/\/h-s-automation.de\/wp-content\/uploads\/2019\/07\/P_20190715_1018421-1024x768.jpg 1024w\" sizes=\"(max-width: 250px) 100vw, 250px\" \/><\/p>\n\n\n<p><\/p>\n","protected":false},"excerpt":{"rendered":"<p>\u00a0 Da wir als Unternehmen qualitativ hochwertige Schaltanlagen ausliefern, liegt es in unserem eigenen Interesse die W\u00fcnsche mit unseren Kunden gemeinsam zu entwickeln und zu durchdenken. Dabei blicken wir auf viele Jahre Erfahrung zur\u00fcck und nutzen das immer h\u00e4ufiger von Kunden gew\u00fcnschte E-Plan Dokumentationssystem um unsere Schaltanlagen nachvollziehbar zu gestalten. Dabei liegt unser Hauptaugenmerk auf &hellip; <\/p>\n<p class=\"link-more\"><a href=\"https:\/\/h-s-automation.de\/?page_id=18\" class=\"more-link\"><span class=\"screen-reader-text\">\u201ePlanung und Entwicklung\u201c<\/span> weiterlesen<\/a><\/p>\n","protected":false},"author":1,"featured_media":0,"parent":0,"menu_order":0,"comment_status":"closed","ping_status":"closed","template":"","meta":[],"_links":{"self":[{"href":"https:\/\/h-s-automation.de\/index.php?rest_route=\/wp\/v2\/pages\/18"}],"collection":[{"href":"https:\/\/h-s-automation.de\/index.php?rest_route=\/wp\/v2\/pages"}],"about":[{"href":"https:\/\/h-s-automation.de\/index.php?rest_route=\/wp\/v2\/types\/page"}],"author":[{"embeddable":true,"href":"https:\/\/h-s-automation.de\/index.php?rest_route=\/wp\/v2\/users\/1"}],"replies":[{"embeddable":true,"href":"https:\/\/h-s-automation.de\/index.php?rest_route=%2Fwp%2Fv2%2Fcomments&post=18"}],"version-history":[{"count":14,"href":"https:\/\/h-s-automation.de\/index.php?rest_route=\/wp\/v2\/pages\/18\/revisions"}],"predecessor-version":[{"id":396,"href":"https:\/\/h-s-automation.de\/index.php?rest_route=\/wp\/v2\/pages\/18\/revisions\/396"}],"wp:attachment":[{"href":"https:\/\/h-s-automation.de\/index.php?rest_route=%2Fwp%2Fv2%2Fmedia&parent=18"}],"curies":[{"name":"wp","href":"https:\/\/api.w.org\/{rel}","templated":true}]}}