{"id":15,"date":"2017-09-23T13:08:44","date_gmt":"2017-09-23T13:08:44","guid":{"rendered":"http:\/\/wp.h-s-automation.de\/?page_id=15"},"modified":"2019-07-15T07:47:45","modified_gmt":"2019-07-15T05:47:45","slug":"klima-und-kaelteanlagenbau","status":"publish","type":"page","link":"https:\/\/h-s-automation.de\/?page_id=15","title":{"rendered":"Klima- und K\u00e4lteanlagenbau"},"content":{"rendered":"<p><img decoding=\"async\" loading=\"lazy\" class=\"alignnone wp-image-285 size-large\" src=\"https:\/\/h-s-automation.de\/wp-content\/uploads\/2018\/01\/IMG_5354-1024x768.jpg\" alt=\"\" width=\"525\" height=\"394\" \/><\/p>\n<p>Wir bieten unseren Kunden einen kompletten Service an, welcher sich von der Beratung \u00fcber die Projektierung, dem Schaltschrankbau in unserer Werkstatt, der Montage vor Ort incl. Anklemmarbeiten, der Inbetriebnahme bis hin zur Wartung erstreckt.<\/p>\n<p>Der Einsatz verschiedener Regelungsfabrikate ist problemlos m\u00f6glich!<\/p>\n<p>Unsere erfahrenen Projektleiter erstellen in Abstimmung mit dem Kunden die Schaltpl\u00e4ne im\u00a0EPLAN P8, f\u00fchren die Baustellenteams und bringen die Bauvorhaben zur Zufriedenheit unserer Auftraggeber zum Abschluss.<\/p>\n<p>Ein immer gr\u00f6\u00dfer werdender Teil unserer T\u00e4tigkeit ist der Austausch veralteter Regelungs-komponenten in Bestandsschr\u00e4nken gegen neue Ger\u00e4te. Hier haben wir durch eigens entwickelte Verfahren und die gewissenhafte Ausf\u00fchrung durch unsere Mitarbeiter daf\u00fcr gesorgt, dass unsere Kundschaft diese kosteng\u00fcnstige Variante der Erneuerung einsetzen kann.<\/p>\n<p><a href=\"http:\/\/wp.h-s-automation.de\/wp-content\/uploads\/2018\/01\/IMG_3367.jpg\"><img decoding=\"async\" loading=\"lazy\" class=\"alignleft wp-image-288 size-thumbnail\" src=\"https:\/\/h-s-automation.de\/wp-content\/uploads\/2018\/01\/IMG_3367-150x150.jpg\" alt=\"\" width=\"150\" height=\"150\" srcset=\"https:\/\/h-s-automation.de\/wp-content\/uploads\/2018\/01\/IMG_3367-150x150.jpg 150w, https:\/\/h-s-automation.de\/wp-content\/uploads\/2018\/01\/IMG_3367-100x100.jpg 100w\" sizes=\"(max-width: 150px) 100vw, 150px\" \/><\/a> <a href=\"http:\/\/wp.h-s-automation.de\/wp-content\/uploads\/2018\/01\/20171214_124715.jpg\"><img decoding=\"async\" loading=\"lazy\" class=\"alignleft wp-image-287 size-thumbnail\" src=\"https:\/\/h-s-automation.de\/wp-content\/uploads\/2018\/01\/20171214_124715-150x150.jpg\" alt=\"\" width=\"150\" height=\"150\" \/><\/a> <a href=\"http:\/\/wp.h-s-automation.de\/wp-content\/uploads\/2018\/01\/20171218_104313.jpg\"><img decoding=\"async\" loading=\"lazy\" class=\"alignleft wp-image-286 size-thumbnail\" src=\"https:\/\/h-s-automation.de\/wp-content\/uploads\/2018\/01\/20171218_104313-150x150.jpg\" alt=\"\" width=\"150\" height=\"150\" srcset=\"https:\/\/h-s-automation.de\/wp-content\/uploads\/2018\/01\/20171218_104313-150x150.jpg 150w, https:\/\/h-s-automation.de\/wp-content\/uploads\/2018\/01\/20171218_104313-100x100.jpg 100w\" sizes=\"(max-width: 150px) 100vw, 150px\" \/><\/a><\/p>\n","protected":false},"excerpt":{"rendered":"<p>Wir bieten unseren Kunden einen kompletten Service an, welcher sich von der Beratung \u00fcber die Projektierung, dem Schaltschrankbau in unserer Werkstatt, der Montage vor Ort incl. Anklemmarbeiten, der Inbetriebnahme bis hin zur Wartung erstreckt. Der Einsatz verschiedener Regelungsfabrikate ist problemlos m\u00f6glich! Unsere erfahrenen Projektleiter erstellen in Abstimmung mit dem Kunden die Schaltpl\u00e4ne im\u00a0EPLAN P8, f\u00fchren &hellip; <\/p>\n<p class=\"link-more\"><a href=\"https:\/\/h-s-automation.de\/?page_id=15\" class=\"more-link\"><span class=\"screen-reader-text\">\u201eKlima- und K\u00e4lteanlagenbau\u201c<\/span> weiterlesen<\/a><\/p>\n","protected":false},"author":1,"featured_media":0,"parent":0,"menu_order":0,"comment_status":"closed","ping_status":"closed","template":"","meta":[],"_links":{"self":[{"href":"https:\/\/h-s-automation.de\/index.php?rest_route=\/wp\/v2\/pages\/15"}],"collection":[{"href":"https:\/\/h-s-automation.de\/index.php?rest_route=\/wp\/v2\/pages"}],"about":[{"href":"https:\/\/h-s-automation.de\/index.php?rest_route=\/wp\/v2\/types\/page"}],"author":[{"embeddable":true,"href":"https:\/\/h-s-automation.de\/index.php?rest_route=\/wp\/v2\/users\/1"}],"replies":[{"embeddable":true,"href":"https:\/\/h-s-automation.de\/index.php?rest_route=%2Fwp%2Fv2%2Fcomments&post=15"}],"version-history":[{"count":15,"href":"https:\/\/h-s-automation.de\/index.php?rest_route=\/wp\/v2\/pages\/15\/revisions"}],"predecessor-version":[{"id":388,"href":"https:\/\/h-s-automation.de\/index.php?rest_route=\/wp\/v2\/pages\/15\/revisions\/388"}],"wp:attachment":[{"href":"https:\/\/h-s-automation.de\/index.php?rest_route=%2Fwp%2Fv2%2Fmedia&parent=15"}],"curies":[{"name":"wp","href":"https:\/\/api.w.org\/{rel}","templated":true}]}}