{"id":13,"date":"2017-09-23T13:08:44","date_gmt":"2017-09-23T13:08:44","guid":{"rendered":"http:\/\/wp.h-s-automation.de\/?page_id=13"},"modified":"2022-07-19T14:43:42","modified_gmt":"2022-07-19T12:43:42","slug":"gaswarnanlagen","status":"publish","type":"page","link":"https:\/\/h-s-automation.de\/?page_id=13","title":{"rendered":"Gaswarnanlagen"},"content":{"rendered":"<p><img decoding=\"async\" loading=\"lazy\" class=\"size-large wp-image-371 aligncenter\" src=\"https:\/\/h-s-automation.de\/wp-content\/uploads\/2019\/07\/P_20190712_124613-1-1024x768.jpg\" alt=\"\" width=\"525\" height=\"394\" srcset=\"https:\/\/h-s-automation.de\/wp-content\/uploads\/2019\/07\/P_20190712_124613-1-1024x768.jpg 1024w, https:\/\/h-s-automation.de\/wp-content\/uploads\/2019\/07\/P_20190712_124613-1-300x225.jpg 300w, https:\/\/h-s-automation.de\/wp-content\/uploads\/2019\/07\/P_20190712_124613-1-768x576.jpg 768w\" sizes=\"(max-width: 525px) 100vw, 525px\" \/><\/p>\n<p>Die Gesch\u00e4ftsf\u00fchrer S. Hocke und H. Schimmel waren als Angestellte der Fa. Automation Kaufhold bereits seit 1995 im Bereich Gaswarnsysteme (Fabr. GWS sowie Bieler &amp; Lang) t\u00e4tig.\u00a0 Wir konnten im Jahr 2014 durch die \u00dcbernahme der Fa. AFOR Sicherheitstechnik, dessen Gesch\u00e4ftsf\u00fchrer Hr. Rakut in den verdienten Ruhestand ging, unseren Kundenstamm vergr\u00f6\u00dfern. Durch die \u00dcbernahme erweiterten wir auch unsere Produktpalette um die Ger\u00e4te der Fa. Medium-Control-System.<\/p>\n<p><strong>Unser Leistungsspektrum<\/strong><\/p>\n<ul>\n<li>Erstpr\u00fcfungen oder Pr\u00fcfung vor Wiederinbetriebnahme<\/li>\n<li>Einbau der Auswertger\u00e4te in einen Schaltschrank und komplette Montage der Anlagen, bei Kleinanlagen incl. Kabelmontage<\/li>\n<li>Wiederkehrende Pr\u00fcfungen nach GarVO oder BGV B6<\/li>\n<li>Information und Beratung zu Sicherheitsanforderungen und technischen Ausf\u00fchrungsm\u00f6glichkeiten bei Planung, Errichtung und \u00c4nderung<\/li>\n<li>Ausf\u00fchrung vom Reparatur und Umbau<\/li>\n<li>Pr\u00fcfungen nach Bestimmungen der Schadensversicherer<\/li>\n<li>Sachverst\u00e4ndigenpr\u00fcfung bzw. Unterst\u00fctzung bei T\u00dcV-Pr\u00fcfung<\/li>\n<li>Pr\u00fcfung der technischen Unterlagen<\/li>\n<li>Terminverfolgung zur Einhaltung der gesetzlich vorgeschriebenen Pr\u00fcffristen<\/li>\n<li>Unterst\u00fctzung bei Genehmigungsverfahren<\/li>\n<\/ul>\n<p><strong>Unsere Pr\u00fcfgrundlagen<\/strong><\/p>\n<ul>\n<li>Arbeitsst\u00e4ttenverordnung<\/li>\n<li><a href=\"http:\/\/www.tuv.com\/betrsichv\">Betriebssicherheitsverordnung<\/a> (BetrSichV)<\/li>\n<li>Landesbaurecht und die dazugeh\u00f6rige Pr\u00fcfVO des jeweiligen Landes<\/li>\n<li>Bestimmungen der Sachversicherer<\/li>\n<li>VDI 2053, Raumlufttechnische Anlagen f\u00fcr Garagen<\/li>\n<li>TRGS 900, Technische Regeln f\u00fcr Gefahrstoffe, Luftgrenzwerte<\/li>\n<li>Pr\u00fcfung laut T021\/T023 (CH4-Gase)<\/li>\n<\/ul>\n<p><img decoding=\"async\" loading=\"lazy\" class=\"alignnone wp-image-378 size-thumbnail\" src=\"https:\/\/h-s-automation.de\/wp-content\/uploads\/2019\/07\/P_20190712_120551_1-150x150.jpg\" alt=\"\" width=\"150\" height=\"150\" srcset=\"https:\/\/h-s-automation.de\/wp-content\/uploads\/2019\/07\/P_20190712_120551_1-150x150.jpg 150w, https:\/\/h-s-automation.de\/wp-content\/uploads\/2019\/07\/P_20190712_120551_1-100x100.jpg 100w\" sizes=\"(max-width: 150px) 100vw, 150px\" \/>\u00a0 <img decoding=\"async\" loading=\"lazy\" class=\"alignnone wp-image-374 size-thumbnail\" src=\"https:\/\/h-s-automation.de\/wp-content\/uploads\/2019\/07\/P_20190712_115446_1-150x150.jpg\" alt=\"\" width=\"150\" height=\"150\" srcset=\"https:\/\/h-s-automation.de\/wp-content\/uploads\/2019\/07\/P_20190712_115446_1-150x150.jpg 150w, https:\/\/h-s-automation.de\/wp-content\/uploads\/2019\/07\/P_20190712_115446_1-100x100.jpg 100w\" sizes=\"(max-width: 150px) 100vw, 150px\" \/>\u00a0 <img decoding=\"async\" loading=\"lazy\" class=\"alignnone wp-image-373 size-thumbnail\" src=\"https:\/\/h-s-automation.de\/wp-content\/uploads\/2019\/07\/P_20190712_114945_1-150x150.jpg\" alt=\"\" width=\"150\" height=\"150\" srcset=\"https:\/\/h-s-automation.de\/wp-content\/uploads\/2019\/07\/P_20190712_114945_1-150x150.jpg 150w, https:\/\/h-s-automation.de\/wp-content\/uploads\/2019\/07\/P_20190712_114945_1-100x100.jpg 100w\" sizes=\"(max-width: 150px) 100vw, 150px\" \/>\u00a0 <img decoding=\"async\" loading=\"lazy\" class=\"alignnone wp-image-375 size-thumbnail\" src=\"https:\/\/h-s-automation.de\/wp-content\/uploads\/2019\/07\/P_20190712_115603_1-150x150.jpg\" alt=\"\" width=\"150\" height=\"150\" srcset=\"https:\/\/h-s-automation.de\/wp-content\/uploads\/2019\/07\/P_20190712_115603_1-150x150.jpg 150w, https:\/\/h-s-automation.de\/wp-content\/uploads\/2019\/07\/P_20190712_115603_1-100x100.jpg 100w\" sizes=\"(max-width: 150px) 100vw, 150px\" \/>\u00a0 <img decoding=\"async\" loading=\"lazy\" class=\"alignnone wp-image-273 size-thumbnail\" src=\"https:\/\/h-s-automation.de\/wp-content\/uploads\/2018\/01\/P1000502-150x150.jpg\" alt=\"\" width=\"150\" height=\"150\" \/>\u00a0 <img decoding=\"async\" loading=\"lazy\" class=\"alignnone wp-image-380 size-thumbnail\" src=\"https:\/\/h-s-automation.de\/wp-content\/uploads\/2019\/07\/P1000488-150x150.jpg\" alt=\"\" width=\"150\" height=\"150\" srcset=\"https:\/\/h-s-automation.de\/wp-content\/uploads\/2019\/07\/P1000488-150x150.jpg 150w, https:\/\/h-s-automation.de\/wp-content\/uploads\/2019\/07\/P1000488-100x100.jpg 100w\" sizes=\"(max-width: 150px) 100vw, 150px\" \/><\/p>\n<h2><strong>Zust\u00e4ndiger Gesch\u00e4ftsf\u00fchrer:<\/strong><\/h2>\n<p style=\"margin: 0in; font-family: Arial; font-size: 11.0pt;\"><strong>Holger Schimmel<\/strong><br \/>\nFestnetz: 036203 50661<\/p>\n<p style=\"margin: 0in; font-family: Arial; font-size: 11.0pt;\">Handy:\u00a0\u00a0\u00a0\u00a0 0162-2953268<\/p>\n<p><a href=\"mailto:gaswarn@h-s-automation.de\">h.schimmel@h-s-automation.de<\/a><\/p>\n","protected":false},"excerpt":{"rendered":"<p>Die Gesch\u00e4ftsf\u00fchrer S. Hocke und H. Schimmel waren als Angestellte der Fa. Automation Kaufhold bereits seit 1995 im Bereich Gaswarnsysteme (Fabr. GWS sowie Bieler &amp; Lang) t\u00e4tig.\u00a0 Wir konnten im Jahr 2014 durch die \u00dcbernahme der Fa. AFOR Sicherheitstechnik, dessen Gesch\u00e4ftsf\u00fchrer Hr. Rakut in den verdienten Ruhestand ging, unseren Kundenstamm vergr\u00f6\u00dfern. Durch die \u00dcbernahme erweiterten &hellip; <\/p>\n<p class=\"link-more\"><a href=\"https:\/\/h-s-automation.de\/?page_id=13\" class=\"more-link\"><span class=\"screen-reader-text\">\u201eGaswarnanlagen\u201c<\/span> weiterlesen<\/a><\/p>\n","protected":false},"author":1,"featured_media":0,"parent":0,"menu_order":0,"comment_status":"closed","ping_status":"closed","template":"","meta":[],"_links":{"self":[{"href":"https:\/\/h-s-automation.de\/index.php?rest_route=\/wp\/v2\/pages\/13"}],"collection":[{"href":"https:\/\/h-s-automation.de\/index.php?rest_route=\/wp\/v2\/pages"}],"about":[{"href":"https:\/\/h-s-automation.de\/index.php?rest_route=\/wp\/v2\/types\/page"}],"author":[{"embeddable":true,"href":"https:\/\/h-s-automation.de\/index.php?rest_route=\/wp\/v2\/users\/1"}],"replies":[{"embeddable":true,"href":"https:\/\/h-s-automation.de\/index.php?rest_route=%2Fwp%2Fv2%2Fcomments&post=13"}],"version-history":[{"count":23,"href":"https:\/\/h-s-automation.de\/index.php?rest_route=\/wp\/v2\/pages\/13\/revisions"}],"predecessor-version":[{"id":405,"href":"https:\/\/h-s-automation.de\/index.php?rest_route=\/wp\/v2\/pages\/13\/revisions\/405"}],"wp:attachment":[{"href":"https:\/\/h-s-automation.de\/index.php?rest_route=%2Fwp%2Fv2%2Fmedia&parent=13"}],"curies":[{"name":"wp","href":"https:\/\/api.w.org\/{rel}","templated":true}]}}