{"id":108,"date":"2017-09-23T20:12:57","date_gmt":"2017-09-23T18:12:57","guid":{"rendered":"http:\/\/wp.h-s-automation.de\/?page_id=108"},"modified":"2022-07-19T14:20:31","modified_gmt":"2022-07-19T12:20:31","slug":"impressum-2","status":"publish","type":"page","link":"https:\/\/h-s-automation.de\/?page_id=108","title":{"rendered":"Impressum"},"content":{"rendered":"<h1>Angaben nach Deutschem Gesetz gem\u00e4\u00df \u00a7 5 TMG:<\/h1>\n<h2>Adresse<\/h2>\n<p>Hocke und Schimmel Automation GmbH<br \/>\nRingstra\u00dfe 40<br \/>\n99428 Grammetal OT Sohnstedt<\/p>\n<h2>Vertreten durch<\/h2>\n<p>Holger Schimmel (Gesch\u00e4ftsf\u00fchrer)<br \/>\nSteffen Hocke (Gesch\u00e4ftsf\u00fchrer)<\/p>\n<h2>Kontakt<\/h2>\n<p>Telefon: +49 (0) 36203 50695<br \/>\nTelefax:\u00a0+49 (0) 36203 50189<br \/>\nE-Mail: <a href=\"mailto:info@h-s-automation.de\">info@h-s-automation.de<\/a><\/p>\n<h2>Registereintrag und Umsatzsteuer-Identifikationsnummer gem\u00e4\u00df\u00a0\u00a727 a Umsatzsteuergesetz<\/h2>\n<p>Eintragung in Handwerkskammer Erfurt<br \/>\nHandelsregister:\u00a0 Jena<br \/>\nRegisternummer: HRB\u00a0506197<br \/>\nUSt-ID: DE275047576<\/p>\n<h2>Haftung f\u00fcr Inhalte<\/h2>\n<p>Als\u00a0Diensteanbieter sind wir gem\u00e4\u00df \u00a7 7 Abs.1 TMG f\u00fcr eigene Inhalte auf diesen Seiten\u00a0nach den allgemeinen Gesetzen verantwortlich. Nach \u00a7\u00a7 8 bis 10 TMG sind wir als\u00a0Diensteanbieter jedoch nicht verpflichtet, \u00fcbermittelte oder gespeicherte fremde Informationen zu\u00a0\u00fcberwachen oder nach Umst\u00e4nden zu forschen, die auf eine rechtswidrige T\u00e4tigkeit\u00a0hinweisen.<\/p>\n<p>Verpflichtungen zur Entfernung oder Sperrung der Nutzung von Informationen nach\u00a0den allgemeinen Gesetzen bleiben hiervon unber\u00fchrt. Eine diesbez\u00fcgliche Haftung ist jedoch\u00a0erst ab dem Zeitpunkt der Kenntnis einer konkreten Rechtsverletzung m\u00f6glich. Bei Bekanntwerden\u00a0von entsprechenden Rechtsverletzungen werden wir diese Inhalte umgehend entfernen.<\/p>\n<h2>Haftung f\u00fcr Links<\/h2>\n<p>Unser Angebot enth\u00e4lt Links zu externen Webseiten Dritter, auf<br \/>\nderen Inhalte wir keinen Einfluss haben. Deshalb k\u00f6nnen wir f\u00fcr diese fremden Inhalte auch\u00a0keine Gew\u00e4hr \u00fcbernehmen. F\u00fcr die Inhalte der verlinkten Seiten ist stets der jeweilige\u00a0Anbieter oder Betreiber der Seiten verantwortlich. Die verlinkten Seiten wurden zum Zeitpunkt der\u00a0Verlinkung auf m\u00f6gliche Rechtsverst\u00f6\u00dfe \u00fcberpr\u00fcft. Rechtswidrige Inhalte\u00a0waren zum Zeitpunkt der Verlinkung nicht erkennbar.<\/p>\n<p>Eine permanente inhaltliche Kontrolle der\u00a0verlinkten Seiten ist jedoch ohne konkrete Anhaltspunkte einer Rechtsverletzung nicht zumutbar. Bei Bekanntwerden von Rechtsverletzungen werden wir derartige Links umgehend entfernen.<\/p>\n<h2>Urheberrecht<\/h2>\n<p>Die durch die Seitenbetreiber erstellten Inhalte und Werke auf diesen Seiten unterliegen dem deutschen Urheberrecht. Die Vervielf\u00e4ltigung, Bearbeitung, Verbreitung und jede\u00a0Art der Verwertung au\u00dferhalb der Grenzen des Urheberrechtes bed\u00fcrfen der schriftlichen\u00a0Zustimmung des jeweiligen Autors bzw. Erstellers. Downloads und Kopien dieser Seite sind nur f\u00fcr\u00a0den privaten, nicht kommerziellen Gebrauch gestattet.<\/p>\n<p>Soweit die Inhalte auf dieser Seite nicht\u00a0vom Betreiber erstellt wurden, werden die Urheberrechte Dritter beachtet. Insbesondere werden Inhalte Dritter als solche gekennzeichnet. Sollten Sie trotzdem auf eine Urheberrechtsverletzung aufmerksam\u00a0werden, bitten wir um einen entsprechenden Hinweis. Bei Bekanntwerden von Rechtsverletzungen<br \/>\nwerden wir derartige Inhalte umgehend entfernen.<\/p>\n","protected":false},"excerpt":{"rendered":"<p>Angaben nach Deutschem Gesetz gem\u00e4\u00df \u00a7 5 TMG: Adresse Hocke und Schimmel Automation GmbH Ringstra\u00dfe 40 99428 Grammetal OT Sohnstedt Vertreten durch Holger Schimmel (Gesch\u00e4ftsf\u00fchrer) Steffen Hocke (Gesch\u00e4ftsf\u00fchrer) Kontakt Telefon: +49 (0) 36203 50695 Telefax:\u00a0+49 (0) 36203 50189 E-Mail: info@h-s-automation.de Registereintrag und Umsatzsteuer-Identifikationsnummer gem\u00e4\u00df\u00a0\u00a727 a Umsatzsteuergesetz Eintragung in Handwerkskammer Erfurt Handelsregister:\u00a0 Jena Registernummer: HRB\u00a0506197 USt-ID: &hellip; <\/p>\n<p class=\"link-more\"><a href=\"https:\/\/h-s-automation.de\/?page_id=108\" class=\"more-link\"><span class=\"screen-reader-text\">\u201eImpressum\u201c<\/span> weiterlesen<\/a><\/p>\n","protected":false},"author":1,"featured_media":0,"parent":0,"menu_order":0,"comment_status":"closed","ping_status":"closed","template":"","meta":[],"_links":{"self":[{"href":"https:\/\/h-s-automation.de\/index.php?rest_route=\/wp\/v2\/pages\/108"}],"collection":[{"href":"https:\/\/h-s-automation.de\/index.php?rest_route=\/wp\/v2\/pages"}],"about":[{"href":"https:\/\/h-s-automation.de\/index.php?rest_route=\/wp\/v2\/types\/page"}],"author":[{"embeddable":true,"href":"https:\/\/h-s-automation.de\/index.php?rest_route=\/wp\/v2\/users\/1"}],"replies":[{"embeddable":true,"href":"https:\/\/h-s-automation.de\/index.php?rest_route=%2Fwp%2Fv2%2Fcomments&post=108"}],"version-history":[{"count":18,"href":"https:\/\/h-s-automation.de\/index.php?rest_route=\/wp\/v2\/pages\/108\/revisions"}],"predecessor-version":[{"id":399,"href":"https:\/\/h-s-automation.de\/index.php?rest_route=\/wp\/v2\/pages\/108\/revisions\/399"}],"wp:attachment":[{"href":"https:\/\/h-s-automation.de\/index.php?rest_route=%2Fwp%2Fv2%2Fmedia&parent=108"}],"curies":[{"name":"wp","href":"https:\/\/api.w.org\/{rel}","templated":true}]}}